{"id":588,"date":"2023-07-08T13:54:16","date_gmt":"2023-07-08T11:54:16","guid":{"rendered":"https:\/\/leteckanavigace.cz\/?page_id=588"},"modified":"2023-07-08T18:53:20","modified_gmt":"2023-07-08T16:53:20","slug":"predbezne-vysledky-blue","status":"publish","type":"page","link":"https:\/\/leteckanavigace.cz\/?page_id=588","title":{"rendered":"Ofici\u00e1ln\u00ed v\u00fdsledky BLUE"},"content":{"rendered":"<a href=\"https:\/\/leteckanavigace.cz\/wp-content\/uploads\/2023\/07\/Blue-2.pdf\" class=\"pdfemb-viewer\" style=\"\" data-width=\"max\" data-height=\"max\" data-toolbar=\"bottom\" data-toolbar-fixed=\"off\">Blue<\/a>\n","protected":false},"excerpt":{"rendered":"","protected":false},"author":8,"featured_media":0,"parent":0,"menu_order":0,"comment_status":"closed","ping_status":"closed","template":"","meta":{"footnotes":""},"class_list":["post-588","page","type-page","status-publish","hentry"],"_links":{"self":[{"href":"https:\/\/leteckanavigace.cz\/index.php?rest_route=\/wp\/v2\/pages\/588","targetHints":{"allow":["GET"]}}],"collection":[{"href":"https:\/\/leteckanavigace.cz\/index.php?rest_route=\/wp\/v2\/pages"}],"about":[{"href":"https:\/\/leteckanavigace.cz\/index.php?rest_route=\/wp\/v2\/types\/page"}],"author":[{"embeddable":true,"href":"https:\/\/leteckanavigace.cz\/index.php?rest_route=\/wp\/v2\/users\/8"}],"replies":[{"embeddable":true,"href":"https:\/\/leteckanavigace.cz\/index.php?rest_route=%2Fwp%2Fv2%2Fcomments&post=588"}],"version-history":[{"count":4,"href":"https:\/\/leteckanavigace.cz\/index.php?rest_route=\/wp\/v2\/pages\/588\/revisions"}],"predecessor-version":[{"id":608,"href":"https:\/\/leteckanavigace.cz\/index.php?rest_route=\/wp\/v2\/pages\/588\/revisions\/608"}],"wp:attachment":[{"href":"https:\/\/leteckanavigace.cz\/index.php?rest_route=%2Fwp%2Fv2%2Fmedia&parent=588"}],"curies":[{"name":"wp","href":"https:\/\/api.w.org\/{rel}","templated":true}]}}