{"id":514,"date":"2023-06-05T08:55:29","date_gmt":"2023-06-05T06:55:29","guid":{"rendered":"https:\/\/leteckanavigace.cz\/?page_id=514"},"modified":"2023-06-05T08:56:26","modified_gmt":"2023-06-05T06:56:26","slug":"2023-rakovnik","status":"publish","type":"page","link":"https:\/\/leteckanavigace.cz\/?page_id=514","title":{"rendered":"2023 St\u0159edo\u010desk\u00e1 region\u00e1ln\u00ed sout\u011b\u017e v leteck\u00e9 rally &#8211; Rakovn\u00edk"},"content":{"rendered":"<p><a href=\"https:\/\/leteckanavigace.cz\/wp-content\/uploads\/2023\/06\/1RED.pdf\" class=\"pdfemb-viewer\" style=\"\" data-width=\"max\" data-height=\"max\" data-toolbar=\"bottom\" data-toolbar-fixed=\"off\">1RED<\/a> <a href=\"https:\/\/leteckanavigace.cz\/wp-content\/uploads\/2023\/06\/2YELLOW.pdf\" class=\"pdfemb-viewer\" style=\"\" data-width=\"max\" data-height=\"max\" data-toolbar=\"bottom\" data-toolbar-fixed=\"off\">2YELLOW<\/a> <a href=\"https:\/\/leteckanavigace.cz\/wp-content\/uploads\/2023\/06\/3GREEN.pdf\" class=\"pdfemb-viewer\" style=\"\" data-width=\"max\" data-height=\"max\" data-toolbar=\"bottom\" data-toolbar-fixed=\"off\">3GREEN<\/a> <a href=\"https:\/\/leteckanavigace.cz\/wp-content\/uploads\/2023\/06\/Celkove.pdf\" class=\"pdfemb-viewer\" style=\"\" data-width=\"max\" data-height=\"max\" data-toolbar=\"bottom\" data-toolbar-fixed=\"off\">Celkove<\/a><\/p>\n","protected":false},"excerpt":{"rendered":"","protected":false},"author":8,"featured_media":0,"parent":0,"menu_order":0,"comment_status":"closed","ping_status":"closed","template":"","meta":{"footnotes":""},"class_list":["post-514","page","type-page","status-publish","hentry"],"_links":{"self":[{"href":"https:\/\/leteckanavigace.cz\/index.php?rest_route=\/wp\/v2\/pages\/514","targetHints":{"allow":["GET"]}}],"collection":[{"href":"https:\/\/leteckanavigace.cz\/index.php?rest_route=\/wp\/v2\/pages"}],"about":[{"href":"https:\/\/leteckanavigace.cz\/index.php?rest_route=\/wp\/v2\/types\/page"}],"author":[{"embeddable":true,"href":"https:\/\/leteckanavigace.cz\/index.php?rest_route=\/wp\/v2\/users\/8"}],"replies":[{"embeddable":true,"href":"https:\/\/leteckanavigace.cz\/index.php?rest_route=%2Fwp%2Fv2%2Fcomments&post=514"}],"version-history":[{"count":2,"href":"https:\/\/leteckanavigace.cz\/index.php?rest_route=\/wp\/v2\/pages\/514\/revisions"}],"predecessor-version":[{"id":520,"href":"https:\/\/leteckanavigace.cz\/index.php?rest_route=\/wp\/v2\/pages\/514\/revisions\/520"}],"wp:attachment":[{"href":"https:\/\/leteckanavigace.cz\/index.php?rest_route=%2Fwp%2Fv2%2Fmedia&parent=514"}],"curies":[{"name":"wp","href":"https:\/\/api.w.org\/{rel}","templated":true}]}}