{"id":426,"date":"2021-07-26T21:29:36","date_gmt":"2021-07-26T19:29:36","guid":{"rendered":"http:\/\/leteckanavigace.cz\/?page_id=426"},"modified":"2023-04-25T21:25:07","modified_gmt":"2023-04-25T19:25:07","slug":"vychodoceska-regionalni-soutez-v-letecke-rally-zbraslavice","status":"publish","type":"page","link":"https:\/\/leteckanavigace.cz\/?page_id=426","title":{"rendered":"V\u00ddCHODO\u010cESK\u00c1 REGION\u00c1LN\u00cd SOUT\u011a\u017d V\u00a0LETECK\u00c9 RALLY &#8211; ZBRASLAVICE"},"content":{"rendered":"<p><a href=\"https:\/\/leteckanavigace.cz\/wp-content\/uploads\/2021\/07\/1BLUE-2.pdf\" class=\"pdfemb-viewer\" style=\"\" data-width=\"max\" data-height=\"max\" data-toolbar=\"bottom\" data-toolbar-fixed=\"off\">1BLUE<\/a> <a href=\"https:\/\/leteckanavigace.cz\/wp-content\/uploads\/2021\/07\/2YELLOW-1.pdf\" class=\"pdfemb-viewer\" style=\"\" data-width=\"max\" data-height=\"max\" data-toolbar=\"bottom\" data-toolbar-fixed=\"off\">2YELLOW<\/a> <a href=\"https:\/\/leteckanavigace.cz\/wp-content\/uploads\/2021\/07\/Celkove-2.pdf\" class=\"pdfemb-viewer\" style=\"\" data-width=\"max\" data-height=\"max\" data-toolbar=\"bottom\" data-toolbar-fixed=\"off\">Celkove<\/a> <a href=\"https:\/\/leteckanavigace.cz\/wp-content\/uploads\/2021\/07\/3GREEN-1.pdf\" class=\"pdfemb-viewer\" style=\"\" data-width=\"max\" data-height=\"max\" data-toolbar=\"bottom\" data-toolbar-fixed=\"off\">3GREEN<\/a><\/p>\n","protected":false},"excerpt":{"rendered":"","protected":false},"author":1,"featured_media":0,"parent":167,"menu_order":0,"comment_status":"closed","ping_status":"closed","template":"","meta":{"footnotes":""},"class_list":["post-426","page","type-page","status-publish","hentry"],"_links":{"self":[{"href":"https:\/\/leteckanavigace.cz\/index.php?rest_route=\/wp\/v2\/pages\/426","targetHints":{"allow":["GET"]}}],"collection":[{"href":"https:\/\/leteckanavigace.cz\/index.php?rest_route=\/wp\/v2\/pages"}],"about":[{"href":"https:\/\/leteckanavigace.cz\/index.php?rest_route=\/wp\/v2\/types\/page"}],"author":[{"embeddable":true,"href":"https:\/\/leteckanavigace.cz\/index.php?rest_route=\/wp\/v2\/users\/1"}],"replies":[{"embeddable":true,"href":"https:\/\/leteckanavigace.cz\/index.php?rest_route=%2Fwp%2Fv2%2Fcomments&post=426"}],"version-history":[{"count":1,"href":"https:\/\/leteckanavigace.cz\/index.php?rest_route=\/wp\/v2\/pages\/426\/revisions"}],"predecessor-version":[{"id":427,"href":"https:\/\/leteckanavigace.cz\/index.php?rest_route=\/wp\/v2\/pages\/426\/revisions\/427"}],"up":[{"embeddable":true,"href":"https:\/\/leteckanavigace.cz\/index.php?rest_route=\/wp\/v2\/pages\/167"}],"wp:attachment":[{"href":"https:\/\/leteckanavigace.cz\/index.php?rest_route=%2Fwp%2Fv2%2Fmedia&parent=426"}],"curies":[{"name":"wp","href":"https:\/\/api.w.org\/{rel}","templated":true}]}}