{"id":370,"date":"2021-07-09T17:33:09","date_gmt":"2021-07-09T15:33:09","guid":{"rendered":"http:\/\/leteckanavigace.cz\/?page_id=370"},"modified":"2021-07-09T17:33:09","modified_gmt":"2021-07-09T15:33:09","slug":"stredoceska-regionalni-soutez-v-letecke-rally","status":"publish","type":"page","link":"https:\/\/leteckanavigace.cz\/?page_id=370","title":{"rendered":"ST\u0158EDO\u010cESK\u00c1 REGION\u00c1LN\u00cd SOUT\u011a\u017d V LETECK\u00c9 RALLY"},"content":{"rendered":"<p><a href=\"https:\/\/leteckanavigace.cz\/wp-content\/uploads\/2021\/07\/1BLUE.pdf\" class=\"pdfemb-viewer\" style=\"\" data-width=\"max\" data-height=\"max\" data-toolbar=\"bottom\" data-toolbar-fixed=\"off\">1BLUE<\/a> <a href=\"https:\/\/leteckanavigace.cz\/wp-content\/uploads\/2021\/07\/2GREEN.pdf\" class=\"pdfemb-viewer\" style=\"\" data-width=\"max\" data-height=\"max\" data-toolbar=\"bottom\" data-toolbar-fixed=\"off\">2GREEN<\/a> <a href=\"https:\/\/leteckanavigace.cz\/wp-content\/uploads\/2021\/07\/3RED.pdf\" class=\"pdfemb-viewer\" style=\"\" data-width=\"max\" data-height=\"max\" data-toolbar=\"bottom\" data-toolbar-fixed=\"off\">3RED<\/a> <a href=\"https:\/\/leteckanavigace.cz\/wp-content\/uploads\/2021\/07\/Celkove.pdf\" class=\"pdfemb-viewer\" style=\"\" data-width=\"max\" data-height=\"max\" data-toolbar=\"bottom\" data-toolbar-fixed=\"off\">Celkove<\/a><\/p>\n","protected":false},"excerpt":{"rendered":"","protected":false},"author":1,"featured_media":0,"parent":167,"menu_order":0,"comment_status":"closed","ping_status":"closed","template":"","meta":{"footnotes":""},"class_list":["post-370","page","type-page","status-publish","hentry"],"_links":{"self":[{"href":"https:\/\/leteckanavigace.cz\/index.php?rest_route=\/wp\/v2\/pages\/370","targetHints":{"allow":["GET"]}}],"collection":[{"href":"https:\/\/leteckanavigace.cz\/index.php?rest_route=\/wp\/v2\/pages"}],"about":[{"href":"https:\/\/leteckanavigace.cz\/index.php?rest_route=\/wp\/v2\/types\/page"}],"author":[{"embeddable":true,"href":"https:\/\/leteckanavigace.cz\/index.php?rest_route=\/wp\/v2\/users\/1"}],"replies":[{"embeddable":true,"href":"https:\/\/leteckanavigace.cz\/index.php?rest_route=%2Fwp%2Fv2%2Fcomments&post=370"}],"version-history":[{"count":1,"href":"https:\/\/leteckanavigace.cz\/index.php?rest_route=\/wp\/v2\/pages\/370\/revisions"}],"predecessor-version":[{"id":371,"href":"https:\/\/leteckanavigace.cz\/index.php?rest_route=\/wp\/v2\/pages\/370\/revisions\/371"}],"up":[{"embeddable":true,"href":"https:\/\/leteckanavigace.cz\/index.php?rest_route=\/wp\/v2\/pages\/167"}],"wp:attachment":[{"href":"https:\/\/leteckanavigace.cz\/index.php?rest_route=%2Fwp%2Fv2%2Fmedia&parent=370"}],"curies":[{"name":"wp","href":"https:\/\/api.w.org\/{rel}","templated":true}]}}